{"id":71,"date":"2020-08-08T14:42:07","date_gmt":"2020-08-08T12:42:07","guid":{"rendered":"http:\/\/www.christian-weixler.at\/?page_id=71"},"modified":"2023-02-23T09:15:55","modified_gmt":"2023-02-23T08:15:55","slug":"verein-fit-fight-feldkirchen","status":"publish","type":"page","link":"https:\/\/www.christian-weixler.at\/?page_id=71","title":{"rendered":"Fit2Fight Union Feldkirchen"},"content":{"rendered":"\n<p><strong>Unser Kickboxverein<\/strong><\/p>\n\n\n\n<div class=\"wp-block-media-text alignwide is-stacked-on-mobile is-vertically-aligned-top\" style=\"grid-template-columns:22% auto\"><figure class=\"wp-block-media-text__media\"><img loading=\"lazy\" decoding=\"async\" width=\"1024\" height=\"1024\" src=\"https:\/\/www.christian-weixler.at\/wp-content\/uploads\/2021\/05\/fit2fightfeldkirchen-1024x1024.jpg\" alt=\"Fit2Fight Feldkirchen\" class=\"wp-image-213 size-full\" srcset=\"https:\/\/www.christian-weixler.at\/wp-content\/uploads\/2021\/05\/fit2fightfeldkirchen-1024x1024.jpg 1024w, https:\/\/www.christian-weixler.at\/wp-content\/uploads\/2021\/05\/fit2fightfeldkirchen-300x300.jpg 300w, https:\/\/www.christian-weixler.at\/wp-content\/uploads\/2021\/05\/fit2fightfeldkirchen-150x150.jpg 150w, https:\/\/www.christian-weixler.at\/wp-content\/uploads\/2021\/05\/fit2fightfeldkirchen-768x768.jpg 768w, https:\/\/www.christian-weixler.at\/wp-content\/uploads\/2021\/05\/fit2fightfeldkirchen.jpg 1181w\" sizes=\"auto, (max-width: 1024px) 100vw, 1024px\" \/><\/figure><div class=\"wp-block-media-text__content\">\n<p class=\"has-small-font-size\">Im Sommer 2019 wurde der Kickboxverein Fit2Fight Union Feldkirchen offiziell bei der Bezirkshauptmannschaft Feldkirchen und beim \u00d6sterreichischen Bundesfachverband f\u00fcr Kick- und Thaiboxen (\u00d6BFK), sowie bei der Sportunion als Dachverband,angemeldet. <\/p>\n\n\n\n<p class=\"has-small-font-size\">Eine Trainingsgemeinschaft bestand schon seit ein paar Jahren zuvor und dann war die Zeit gekommen uns als Sportverein beim \u00d6BFK zu registrieren damit sich auch unsere Wettk\u00e4mpfer bestm\u00f6glich entwickeln k\u00f6nnen. Mittlerweile wurden auch schon die ersten Medaillen auf Turnieren erk\u00e4mpft und weitere Ziele f\u00fcr die Zukunft gesteckt.<\/p>\n\n\n\n<p class=\"has-small-font-size\">Trainiert wird<br>      *  Jugend- und Erwachsenentraining mittwochs 19.00 &#8211; 20.30 Uhr in der Volksschule Glanhofen<br>      *  Kindertraining freitags 17.00 &#8211; 17.50 Uhr in der Volksschule St. Ulrich<\/p>\n\n\n\n<p class=\"has-small-font-size\">Wettkampf- sowie Fitnesssportler kommen bei uns auf Ihre Kosten, bei Interesse freuen wir uns \u00fcber eine Kontaktaufnahme.<\/p>\n\n\n\n<figure class=\"wp-block-image size-large is-resized is-style-default\"><a href=\"https:\/\/www.instagram.com\/fit2fight_union_feldkirchen\"><img loading=\"lazy\" decoding=\"async\" src=\"https:\/\/www.christian-weixler.at\/wp-content\/uploads\/2023\/02\/fit2fight_union_feldkirchen_instagram-891x1024.png\" alt=\"fit2figth union feldkirchen instagram\" class=\"wp-image-258\" width=\"197\" height=\"227\" title=\"fit2figth union feldkirchen instagram\" srcset=\"https:\/\/www.christian-weixler.at\/wp-content\/uploads\/2023\/02\/fit2fight_union_feldkirchen_instagram-891x1024.png 891w, https:\/\/www.christian-weixler.at\/wp-content\/uploads\/2023\/02\/fit2fight_union_feldkirchen_instagram-261x300.png 261w, https:\/\/www.christian-weixler.at\/wp-content\/uploads\/2023\/02\/fit2fight_union_feldkirchen_instagram-768x882.png 768w, https:\/\/www.christian-weixler.at\/wp-content\/uploads\/2023\/02\/fit2fight_union_feldkirchen_instagram-1337x1536.png 1337w, https:\/\/www.christian-weixler.at\/wp-content\/uploads\/2023\/02\/fit2fight_union_feldkirchen_instagram-1783x2048.png 1783w\" sizes=\"auto, (max-width: 197px) 100vw, 197px\" \/><\/a><\/figure>\n<\/div><\/div>\n","protected":false},"excerpt":{"rendered":"<p>Unser Kickboxverein<\/p>\n","protected":false},"author":1,"featured_media":0,"parent":0,"menu_order":0,"comment_status":"closed","ping_status":"closed","template":"","meta":{"footnotes":""},"class_list":["post-71","page","type-page","status-publish","hentry"],"_links":{"self":[{"href":"https:\/\/www.christian-weixler.at\/index.php?rest_route=\/wp\/v2\/pages\/71","targetHints":{"allow":["GET"]}}],"collection":[{"href":"https:\/\/www.christian-weixler.at\/index.php?rest_route=\/wp\/v2\/pages"}],"about":[{"href":"https:\/\/www.christian-weixler.at\/index.php?rest_route=\/wp\/v2\/types\/page"}],"author":[{"embeddable":true,"href":"https:\/\/www.christian-weixler.at\/index.php?rest_route=\/wp\/v2\/users\/1"}],"replies":[{"embeddable":true,"href":"https:\/\/www.christian-weixler.at\/index.php?rest_route=%2Fwp%2Fv2%2Fcomments&post=71"}],"version-history":[{"count":9,"href":"https:\/\/www.christian-weixler.at\/index.php?rest_route=\/wp\/v2\/pages\/71\/revisions"}],"predecessor-version":[{"id":259,"href":"https:\/\/www.christian-weixler.at\/index.php?rest_route=\/wp\/v2\/pages\/71\/revisions\/259"}],"wp:attachment":[{"href":"https:\/\/www.christian-weixler.at\/index.php?rest_route=%2Fwp%2Fv2%2Fmedia&parent=71"}],"curies":[{"name":"wp","href":"https:\/\/api.w.org\/{rel}","templated":true}]}}